{"id":310,"date":"2019-02-23T21:04:20","date_gmt":"2019-02-23T21:04:20","guid":{"rendered":"http:\/\/test.kompashuisartsen.nl\/?page_id=310"},"modified":"2019-03-26T20:32:34","modified_gmt":"2019-03-26T19:32:34","slug":"diabetes-suikerziekte","status":"publish","type":"page","link":"https:\/\/kompashuisartsen.nl\/?page_id=310","title":{"rendered":"Diabetes"},"content":{"rendered":"\n<h2>Diabetes (suikerziekte)<\/h2>\n\n\n\n<p>Als u diabetes heeft, heeft u teveel suiker (glucose) in uw bloed. Er zijn twee verschillende soorten diabetes. Type 2 heet in de volksmond ook wel \u2018ouderdomssuiker\u2019, voorheen ontstond het alleen op latere leeftijd. Tegenwoordig komt het steeds vaker ook bij jongere mensen voor. Verhoogde glucosewaarden kunnen verlaagd worden met een gezonde leefstijl en medicatie (tabletten of insuline). De praktijkondersteuner kijkt met u naar deze aspecten. Veelal is hiervoor bloedonderzoek nodig. Bij \u2018leefstijl\u2019 komen de volgende onderwerpen aan de orde: voeding, beweging, roken, alcohol en stress. Indien nodig of als u dat wenst, kan de praktijkondersteuner u verwijzen naar de di\u00ebtiste. Tijdens het consult wordt onder andere uw bloeddruk gemeten, daarbij kijkt de praktijkondersteuner \u00e9\u00e9n keer per jaar naar uw voeten en kunt u een verwijzing krijgen voor een oogfoto (fundusfoto). Dit heeft te maken met de risico\u2019s van diabetes. Het doel van de controles is het stabiel houden van uw suikerwaardes en het voorkomen van complicaties bij de diabetes.<\/p>\n\n\n\n<h4>Bruikbare websites<\/h4>\n\n\n\n<ul><li>Uitleg diabetes&nbsp;&nbsp;&nbsp;&nbsp;&nbsp;&nbsp;&nbsp;&nbsp;&nbsp;&nbsp;&nbsp;&nbsp;&nbsp;&nbsp;&nbsp; <a href=\"http:\/\/www.diep.info\">www.diep.info<\/a> <\/li><li>Diabetes Vereniging&nbsp;&nbsp;&nbsp;&nbsp;&nbsp;&nbsp; <a href=\"http:\/\/www.dvn.nl\">www.dvn.nl<\/a> <\/li><li>Voeding&nbsp;&nbsp;&nbsp;&nbsp;&nbsp;&nbsp;&nbsp;&nbsp;&nbsp;&nbsp;&nbsp;&nbsp;&nbsp; &nbsp;&nbsp;&nbsp;&nbsp;&nbsp;&nbsp;&nbsp;&nbsp;&nbsp;&nbsp;&nbsp;&nbsp;&nbsp;&nbsp; <a href=\"http:\/\/www.voedingscentrum.nl\">www.voedingscentrum.nl<\/a> <a href=\"http:\/\/www.keerdiabetesom.nl\">www.keerdiabetesom.nl<\/a> <\/li><\/ul>\n","protected":false},"excerpt":{"rendered":"<p>Diabetes (suikerziekte) Als u diabetes heeft, heeft u teveel suiker (glucose) in uw bloed. Er zijn twee verschillende soorten diabetes. Type 2 heet in de volksmond ook wel \u2018ouderdomssuiker\u2019, voorheen ontstond het alleen op latere leeftijd. Tegenwoordig komt het steeds vaker ook bij jongere mensen voor. Verhoogde glucosewaarden kunnen verlaagd worden met een gezonde leefstijl<\/p><\/div>\n<div class=\"blog-btn\"><a href=\"https:\/\/kompashuisartsen.nl\/?page_id=310\" class=\"home-blog-btn\">Meer lezen<\/a><\/p>\n","protected":false},"author":1,"featured_media":0,"parent":0,"menu_order":0,"comment_status":"closed","ping_status":"closed","template":"","meta":[],"_links":{"self":[{"href":"https:\/\/kompashuisartsen.nl\/index.php?rest_route=\/wp\/v2\/pages\/310"}],"collection":[{"href":"https:\/\/kompashuisartsen.nl\/index.php?rest_route=\/wp\/v2\/pages"}],"about":[{"href":"https:\/\/kompashuisartsen.nl\/index.php?rest_route=\/wp\/v2\/types\/page"}],"author":[{"embeddable":true,"href":"https:\/\/kompashuisartsen.nl\/index.php?rest_route=\/wp\/v2\/users\/1"}],"replies":[{"embeddable":true,"href":"https:\/\/kompashuisartsen.nl\/index.php?rest_route=%2Fwp%2Fv2%2Fcomments&post=310"}],"version-history":[{"count":3,"href":"https:\/\/kompashuisartsen.nl\/index.php?rest_route=\/wp\/v2\/pages\/310\/revisions"}],"predecessor-version":[{"id":555,"href":"https:\/\/kompashuisartsen.nl\/index.php?rest_route=\/wp\/v2\/pages\/310\/revisions\/555"}],"wp:attachment":[{"href":"https:\/\/kompashuisartsen.nl\/index.php?rest_route=%2Fwp%2Fv2%2Fmedia&parent=310"}],"curies":[{"name":"wp","href":"https:\/\/api.w.org\/{rel}","templated":true}]}}