{"id":287,"date":"2019-02-23T20:41:16","date_gmt":"2019-02-23T20:41:16","guid":{"rendered":"http:\/\/test.kompashuisartsen.nl\/?page_id=287"},"modified":"2019-04-22T06:48:07","modified_gmt":"2019-04-22T05:48:07","slug":"poh-somatiek","status":"publish","type":"page","link":"https:\/\/kompashuisartsen.nl\/?page_id=287","title":{"rendered":"POH Somatiek"},"content":{"rendered":"\n<p>In de praktijk werken twee praktijkondersteuners somatiek. <a href=\"http:\/\/kompashuisartsen.nl\/?page_id=88\">Hier<\/a> stellen zij zich voor. Zij hebben na hun opleiding tot verpleegkundige een opleiding gevolgd tot praktijkondersteuner. De praktijkondersteuners hebben, in nauwe samenwerking met de huisarts, een eigen spreekuur voor specifieke pati\u00ebntencategorie\u00ebn. Dit betreft pati\u00ebnten met een chronische aandoening. Daarnaast begeleiden de praktijkondersteuners pati\u00ebnten die willen stoppen met roken. \u00a0<\/p>\n\n\n\n<p>Een aantal tips:<\/p>\n\n\n\n<ul><li>Als u (nuchter) bloed moet laten prikken, doe dit minstens drie werkdagen voorafgaand aan uw bezoek aan de praktijkondersteuner;<\/li><li>Als u ontslagen wordt bij een specialist in het ziekenhuis (cardioloog, internist of longarts), neem dan contact op met de huisartsenpraktijk voor het maken van een afspraak met de praktijkondersteuner;<\/li><li>Schrijf vragen die u heeft op en neem deze mee;<\/li><li>Geef duidelijk aan welk onderwerp u wilt bespreken tijdens het consult.<\/li><\/ul>\n\n\n\n<p>Onze praktijkondersteuners kunnen u begeleiden binnen verschillende behandelprogramma&#8217;s, waarbij ze samenwerken met andere hulpverleners. Dit wordt <a href=\"http:\/\/test.kompashuisartsen.nl\/?page_id=306\">ketenzorg<\/a> genoemd. Binnen de ketenzorg bestaan verschillende behandelprogramma&#8217;s. Klik hieronder voor uitleg over de verschillende behandelprogramma&#8217;s die onze praktijkondersteuners aanbieden.<\/p>\n\n\n\n<p><\/p>\n\n\n\n<p><\/p>\n\n\n\n<div class=\"is-layout-flex wp-container-3 wp-block-columns has-2-columns\">\n<div class=\"is-layout-flow wp-block-column\">\n<div class=\"wp-block-button aligncenter\"><a class=\"wp-block-button__link\" href=\"http:\/\/kompashuisartsen.nl\/?page_id=308\">Hart- en vaatziekten<\/a><\/div>\n\n\n\n<p style=\"text-align:center\" class=\"has-small-font-size\">Bijvoorbeeld hoge bloeddruk en <br>verhoogd cholesterol<br><br><br><\/p>\n\n\n\n<p><\/p>\n\n\n\n<div class=\"wp-block-button aligncenter\"><a class=\"wp-block-button__link\" href=\"http:\/\/kompashuisartsen.nl\/?page_id=314\">COPD<\/a><\/div>\n<\/div>\n\n\n\n<div class=\"is-layout-flow wp-block-column\">\n<div class=\"wp-block-button aligncenter\"><a class=\"wp-block-button__link\" href=\"http:\/\/kompashuisartsen.nl\/?page_id=310\">Diabetes<br><\/a><\/div>\n\n\n\n<p class=\"has-small-font-size\"><br><br><br><br><\/p>\n\n\n\n<p><\/p>\n\n\n\n<div class=\"wp-block-button aligncenter\"><a class=\"wp-block-button__link\" href=\"http:\/\/kompashuisartsen.nl\/?page_id=312\">Astma<\/a><\/div>\n<\/div>\n<\/div>\n\n\n\n<p><\/p>\n","protected":false},"excerpt":{"rendered":"<p>In de praktijk werken twee praktijkondersteuners somatiek. Hier stellen zij zich voor. Zij hebben na hun opleiding tot verpleegkundige een opleiding gevolgd tot praktijkondersteuner. De praktijkondersteuners hebben, in nauwe samenwerking met de huisarts, een eigen spreekuur voor specifieke pati\u00ebntencategorie\u00ebn. Dit betreft pati\u00ebnten met een chronische aandoening. Daarnaast begeleiden de praktijkondersteuners pati\u00ebnten die willen stoppen met<\/p><\/div>\n<div class=\"blog-btn\"><a href=\"https:\/\/kompashuisartsen.nl\/?page_id=287\" class=\"home-blog-btn\">Meer lezen<\/a><\/p>\n","protected":false},"author":1,"featured_media":0,"parent":0,"menu_order":0,"comment_status":"closed","ping_status":"closed","template":"","meta":[],"_links":{"self":[{"href":"https:\/\/kompashuisartsen.nl\/index.php?rest_route=\/wp\/v2\/pages\/287"}],"collection":[{"href":"https:\/\/kompashuisartsen.nl\/index.php?rest_route=\/wp\/v2\/pages"}],"about":[{"href":"https:\/\/kompashuisartsen.nl\/index.php?rest_route=\/wp\/v2\/types\/page"}],"author":[{"embeddable":true,"href":"https:\/\/kompashuisartsen.nl\/index.php?rest_route=\/wp\/v2\/users\/1"}],"replies":[{"embeddable":true,"href":"https:\/\/kompashuisartsen.nl\/index.php?rest_route=%2Fwp%2Fv2%2Fcomments&post=287"}],"version-history":[{"count":8,"href":"https:\/\/kompashuisartsen.nl\/index.php?rest_route=\/wp\/v2\/pages\/287\/revisions"}],"predecessor-version":[{"id":715,"href":"https:\/\/kompashuisartsen.nl\/index.php?rest_route=\/wp\/v2\/pages\/287\/revisions\/715"}],"wp:attachment":[{"href":"https:\/\/kompashuisartsen.nl\/index.php?rest_route=%2Fwp%2Fv2%2Fmedia&parent=287"}],"curies":[{"name":"wp","href":"https:\/\/api.w.org\/{rel}","templated":true}]}}